{"id":14108,"date":"2017-05-22T12:51:05","date_gmt":"2017-05-22T12:51:05","guid":{"rendered":"https:\/\/guarnicao.com\/den\/skewed\/"},"modified":"2019-12-19T16:23:14","modified_gmt":"2019-12-19T16:23:14","slug":"skewed","status":"publish","type":"page","link":"https:\/\/guarnicao.com\/fr\/meubles\/skewed\/","title":{"rendered":"Skewed"},"content":{"rendered":"<div  class=\"tatsu-icceb55oqibjijp1 tatsu-section  tatsu-fullscreen   tatsu-clearfix\" data-title=\"\"  data-headerscheme=\"background--dark\"><div class=\"tatsu-fullscreen-wrap\"><div class='tatsu-section-pad clearfix' data-padding='120px 0px 120px 0px ' data-padding-top='120px'><div class=\"tatsu-row-wrap  tatsu-wrap tatsu-row-one-col tatsu-row-has-one-cols tatsu-medium-gutter tatsu-reg-cols  tatsu-clearfix tatsu-icceb55pd7bt0pk6\" ><div  class=\"tatsu-row \" ><div  class=\"tatsu-column  tatsu-column-no-bg tatsu-one-col tatsu-column-image- tatsu-column-effect-  tatsu-icceb55pjy77p3fq\" data-animation=\"fadeIn\"   data-parallax-speed=\"0\" style=\"\"><div class=\"tatsu-column-inner \" ><div class=\"tatsu-column-pad-wrap\"><div class=\"tatsu-column-pad\" ><div  class=\"tatsu-module tatsu-inline-text clearfix tatsu-icceb55ptx6e8obp   \" ><style>.tatsu-icceb55ptx6e8obp.tatsu-inline-text{margin: 0px 0px 20px 0px ;}.tatsu-icceb55ptx6e8obp .tatsu-inline-text-inner{width: 100%;}<\/style><div class=\"tatsu-inline-text-inner \">\n<h1 style=\"text-align: center;\"><span style=\"color: #ffffff;\">SKEWED<\/span><\/h1>\n<\/div><\/div><div  class=\"tatsu-module tatsu-inline-text clearfix tatsu-icceb55pwdbyjjla   \" ><style>.tatsu-icceb55pwdbyjjla.tatsu-inline-text{margin: 0px 0px 30px 0px;}.tatsu-icceb55pwdbyjjla .tatsu-inline-text-inner{width: 100%;}<\/style><div class=\"tatsu-inline-text-inner \">\n<h5><span style=\"color: #ffffff;\">Il s&#8217;agit d&#8217;une ligne de mobilier de bureau visant \u00e0 des gens diff\u00e9rents, audacieux et irr\u00e9v\u00e9rencieux. Des \u00eatres audacieux et originaux, qui cherchent constamment \u00e0 surmonter les limites du conventionnel. Ici, la structure et la forme ne co\u00efncident pas, ne se croisent que. <\/span><\/h5>\n<h5><span style=\"color: #ffffff;\">En plus de toutes les fonctions normales dans ce type de meubles, le \u00abasym\u00e9trique\u00bb combine l&#8217;excellence et l&#8217;unicit\u00e9 de la conception \u00e0 la technologie de pointe, permettant une s\u00e9rie d&#8217;interactions uniques et innovantes. En plus du bureau, la ligne se compose d&#8217;une table basse, de deux biblioth\u00e8ques de diff\u00e9rentes tailles et d&#8217;une armoire de support.<\/span><\/h5>\n<\/div><\/div><\/div><\/div><div class = \"tatsu-column-bg-image-wrap\"><div class = \"tatsu-column-bg-image\" ><\/div><\/div><\/div><style>.tatsu-icceb55pjy77p3fq.tatsu-column > .tatsu-column-inner > .tatsu-column-pad-wrap > .tatsu-column-pad{padding: 0px 0px 0px 0px;}.tatsu-icceb55pjy77p3fq.tatsu-column > .tatsu-column-inner{border-width: 0 0 0 0;}.tatsu-icceb55pjy77p3fq.tatsu-column > .tatsu-column-inner > .tatsu-column-overlay{mix-blend-mode: none;}.tatsu-icceb55pjy77p3fq > .tatsu-column-inner > .tatsu-top-divider{z-index: 9999;}.tatsu-icceb55pjy77p3fq > .tatsu-column-inner > .tatsu-bottom-divider{z-index: 9999;}.tatsu-icceb55pjy77p3fq > .tatsu-column-inner > .tatsu-left-divider{z-index: 9999;}.tatsu-icceb55pjy77p3fq > .tatsu-column-inner > .tatsu-right-divider{z-index: 9999;}.tatsu-icceb55pjy77p3fq.tatsu-column{transform: translate3d(0px,0px, 0);}<\/style><\/div><\/div><\/div><div class=\"tatsu-row-wrap  tatsu-wrap tatsu-row-one-col tatsu-row-has-one-cols tatsu-medium-gutter tatsu-reg-cols  tatsu-clearfix tatsu-icceb55pyqc7ozhf\" ><div  class=\"tatsu-row \" ><div  class=\"tatsu-column  tatsu-column-no-bg tatsu-column-empty tatsu-one-col tatsu-column-image- tatsu-column-effect-  tatsu-icceb55q4672unw\" data-animation=\"fadeIn\"   data-parallax-speed=\"0\" style=\"\"><div class=\"tatsu-column-inner \" ><div class=\"tatsu-column-pad-wrap\"><div class=\"tatsu-column-pad\" ><\/div><\/div><div class = \"tatsu-column-bg-image-wrap\"><div class = \"tatsu-column-bg-image\" ><\/div><\/div><\/div><style>.tatsu-icceb55q4672unw.tatsu-column > .tatsu-column-inner > .tatsu-column-pad-wrap > .tatsu-column-pad{padding: 0px 0px 0px 0px;}.tatsu-icceb55q4672unw.tatsu-column > .tatsu-column-inner{border-width: 0 0 0 0;}.tatsu-icceb55q4672unw.tatsu-column > .tatsu-column-inner > .tatsu-column-overlay{mix-blend-mode: none;}.tatsu-icceb55q4672unw > .tatsu-column-inner > .tatsu-top-divider{z-index: 9999;}.tatsu-icceb55q4672unw > .tatsu-column-inner > .tatsu-bottom-divider{z-index: 9999;}.tatsu-icceb55q4672unw > .tatsu-column-inner > .tatsu-left-divider{z-index: 9999;}.tatsu-icceb55q4672unw > .tatsu-column-inner > .tatsu-right-divider{z-index: 9999;}.tatsu-icceb55q4672unw.tatsu-column{transform: translate3d(0px,0px, 0);}<\/style><\/div><\/div><\/div><div class=\"tatsu-row-wrap  tatsu-wrap tatsu-row-one-col tatsu-row-has-one-cols tatsu-medium-gutter tatsu-reg-cols  tatsu-clearfix tatsu-icceb55q9q7yz1od\" ><div  class=\"tatsu-row \" ><div  class=\"tatsu-column  tatsu-column-no-bg tatsu-column-empty tatsu-one-col tatsu-column-image- tatsu-column-effect-  tatsu-icceb55qdkcfnqht\" data-animation=\"fadeIn\"   data-parallax-speed=\"0\" style=\"\"><div class=\"tatsu-column-inner \" ><div class=\"tatsu-column-pad-wrap\"><div class=\"tatsu-column-pad\" ><\/div><\/div><div class = \"tatsu-column-bg-image-wrap\"><div class = \"tatsu-column-bg-image\" ><\/div><\/div><\/div><style>.tatsu-icceb55qdkcfnqht.tatsu-column > .tatsu-column-inner > .tatsu-column-pad-wrap > .tatsu-column-pad{padding: 0px 0px 0px 0px;}.tatsu-icceb55qdkcfnqht.tatsu-column > .tatsu-column-inner{border-width: 0 0 0 0;}.tatsu-icceb55qdkcfnqht.tatsu-column > .tatsu-column-inner > .tatsu-column-overlay{mix-blend-mode: none;}.tatsu-icceb55qdkcfnqht > .tatsu-column-inner > .tatsu-top-divider{z-index: 9999;}.tatsu-icceb55qdkcfnqht > .tatsu-column-inner > .tatsu-bottom-divider{z-index: 9999;}.tatsu-icceb55qdkcfnqht > .tatsu-column-inner > .tatsu-left-divider{z-index: 9999;}.tatsu-icceb55qdkcfnqht > .tatsu-column-inner > .tatsu-right-divider{z-index: 9999;}.tatsu-icceb55qdkcfnqht.tatsu-column{transform: translate3d(0px,0px, 0);}<\/style><\/div><\/div><\/div><\/div><div class=\"tatsu-section-background-wrap\"><div class = \"tatsu-section-background\" ><\/div><\/div><\/div><style>.tatsu-icceb55oqibjijp1 .tatsu-section-background{background-image: url(https:\/\/guarnicao.com\/wp-content\/uploads\/2017\/05\/Mesa-de-centro-Skewed-2.jpg);background-repeat: no-repeat;background-attachment: scroll;background-position: top left;background-size: cover;}.tatsu-icceb55oqibjijp1 .tatsu-bg-blur{background-repeat: no-repeat;background-attachment: scroll;background-position: top left;background-size: cover;}.tatsu-icceb55oqibjijp1 .tatsu-section-pad{padding: 120px 0px 120px 0px ;}.tatsu-icceb55oqibjijp1.tatsu-section{margin: 0px 0px 0px 0px;}.tatsu-icceb55oqibjijp1 > .tatsu-bottom-divider{z-index: 9999;}.tatsu-icceb55oqibjijp1 > .tatsu-top-divider{z-index: 9999;}<\/style><\/div><div  class=\"tatsu-icceb55qk4cwo6vl tatsu-section    tatsu-clearfix\" data-title=\"\"  data-headerscheme=\"background--dark\"><div class='tatsu-section-pad clearfix' data-padding='90px 0px 90px 0px' data-padding-top='90px'><div class=\"tatsu-row-wrap  tatsu-wrap tatsu-row-one-col tatsu-row-has-one-cols tatsu-medium-gutter tatsu-reg-cols  tatsu-clearfix tatsu-icceb55qsyb9sy7t\" ><div  class=\"tatsu-row \" ><div  class=\"tatsu-column  tatsu-column-no-bg tatsu-one-col tatsu-column-image- tatsu-column-effect-  tatsu-icceb55qyy4z1v14\" data-animation=\"fadeIn\"   data-parallax-speed=\"0\" style=\"\"><div class=\"tatsu-column-inner \" ><div class=\"tatsu-column-pad-wrap\"><div class=\"tatsu-column-pad\" ><div  class=\"portfolio-all-wrap  oshine-gallery-module 0 tatsu-icceb55r8a2luuvs  \" ><div class=\"portfolio  full-screen  full-screen-gutter style2-gutter four-col \" style=\"margin-left: -1px;\"  data-action=\"get_be_gallery_with_pagination\"  data-paged=\"1\" data-enable-masonry=\"0\" data-aspect-ratio = \"1.6\" data-source='{\"source\":\"selected\",\"account_name\":\"themeforest\",\"count\":\"10\",\"col\":\"four\",\"masonry\":0}' data-gutter-width=\"1\" data-images-array=\"13927,13928,13929,13944\" data-col=\"four\" data-items-per-load=\"9\" data-hover-style=\"style1-hover\" data-image-grayscale=\"bw_to_c\" data-lightbox-type=\"photoswipe\" data-image-source=\"selected\" data-image-effect=\"none\" data-thumb-overlay-color=\"rgba(0,0,0,0)\" data-grad-style-color=\"background:rgba(0,0,0,0)\" data-like-button=\"1\" data-hover-content=\"icon\" data-hover-content-color=\"#515151\" ><div class=\"portfolio-container clickable clearfix portfolio-shortcode be-photoswipe-gallery scale \"><div class=\"element be-hoverlay not-wide no-wide-width-height style1-hover bw_to_c\" style=\"margin-bottom: 1px;\"><div class=\"element-inner\" style=\"margin-left: 1px;\"><a href=\"https:\/\/guarnicao.com\/wp-content\/uploads\/2017\/05\/Secret\u00e1ria-Skewed-1.jpg\" data-size=\"709x709\" data-href=\"https:\/\/guarnicao.com\/wp-content\/uploads\/2017\/05\/Secret\u00e1ria-Skewed-1.jpg\" class=\"thumb-wrap\" title=\"\"><div class=\"flip-wrap\"><div  style = \"padding-bottom : 62.5%;;\" class=\"flip-img-wrap none-effect\"><img decoding=\"async\" src=\"https:\/\/guarnicao.com\/wp-content\/uploads\/2017\/05\/Secret\u00e1ria-Skewed-1-650x406.jpg\" alt=\"\" data-attr=\"0\"\/><\/div><\/div><div class=\"thumb-overlay\"><div class=\"thumb-bg\" style=\"background-color:rgba(0,0,0,0);background:rgba(0,0,0,0)\"><div class=\"thumb-title-wrap display-table-cell vertical-align-middle align-center fadeIn animated\"><div class=\"thumb-title\" style=\"color:#515151;\"><i class=\"portfolio-overlay-icon\"><\/i><\/div><\/div><\/div><\/div><\/a><\/div><\/div><div class=\"element be-hoverlay not-wide no-wide-width-height style1-hover bw_to_c\" style=\"margin-bottom: 1px;\"><div class=\"element-inner\" style=\"margin-left: 1px;\"><a href=\"https:\/\/guarnicao.com\/wp-content\/uploads\/2017\/05\/Secret\u00e1ria-Skewed-2.jpg\" data-size=\"709x709\" data-href=\"https:\/\/guarnicao.com\/wp-content\/uploads\/2017\/05\/Secret\u00e1ria-Skewed-2.jpg\" class=\"thumb-wrap\" title=\"\"><div class=\"flip-wrap\"><div  style = \"padding-bottom : 62.5%;;\" class=\"flip-img-wrap none-effect\"><img decoding=\"async\" src=\"https:\/\/guarnicao.com\/wp-content\/uploads\/2017\/05\/Secret\u00e1ria-Skewed-2-650x406.jpg\" alt=\"\" data-attr=\"0\"\/><\/div><\/div><div class=\"thumb-overlay\"><div class=\"thumb-bg\" style=\"background-color:rgba(0,0,0,0);background:rgba(0,0,0,0)\"><div class=\"thumb-title-wrap display-table-cell vertical-align-middle align-center fadeIn animated\"><div class=\"thumb-title\" style=\"color:#515151;\"><i class=\"portfolio-overlay-icon\"><\/i><\/div><\/div><\/div><\/div><\/a><\/div><\/div><div class=\"element be-hoverlay not-wide no-wide-width-height style1-hover bw_to_c\" style=\"margin-bottom: 1px;\"><div class=\"element-inner\" style=\"margin-left: 1px;\"><a href=\"https:\/\/guarnicao.com\/wp-content\/uploads\/2017\/05\/Secret\u00e1ria-Skewed-3.jpg\" data-size=\"709x709\" data-href=\"https:\/\/guarnicao.com\/wp-content\/uploads\/2017\/05\/Secret\u00e1ria-Skewed-3.jpg\" class=\"thumb-wrap\" title=\"\"><div class=\"flip-wrap\"><div  style = \"padding-bottom : 62.5%;;\" class=\"flip-img-wrap none-effect\"><img decoding=\"async\" src=\"https:\/\/guarnicao.com\/wp-content\/uploads\/2017\/05\/Secret\u00e1ria-Skewed-3-650x406.jpg\" alt=\"\" data-attr=\"0\"\/><\/div><\/div><div class=\"thumb-overlay\"><div class=\"thumb-bg\" style=\"background-color:rgba(0,0,0,0);background:rgba(0,0,0,0)\"><div class=\"thumb-title-wrap display-table-cell vertical-align-middle align-center fadeIn animated\"><div class=\"thumb-title\" style=\"color:#515151;\"><i class=\"portfolio-overlay-icon\"><\/i><\/div><\/div><\/div><\/div><\/a><\/div><\/div><div class=\"element be-hoverlay not-wide no-wide-width-height style1-hover bw_to_c\" style=\"margin-bottom: 1px;\"><div class=\"element-inner\" style=\"margin-left: 1px;\"><a href=\"https:\/\/guarnicao.com\/wp-content\/uploads\/2017\/05\/Secret\u00e1ria-Skewed-4-e1495463297412.jpg\" data-size=\"1172x1181\" data-href=\"https:\/\/guarnicao.com\/wp-content\/uploads\/2017\/05\/Secret\u00e1ria-Skewed-4-e1495463297412.jpg\" class=\"thumb-wrap\" title=\"\"><div class=\"flip-wrap\"><div  style = \"padding-bottom : 62.5%;;\" class=\"flip-img-wrap none-effect\"><img decoding=\"async\" src=\"https:\/\/guarnicao.com\/wp-content\/uploads\/2017\/05\/Secret\u00e1ria-Skewed-4-650x406.jpg\" alt=\"\" data-attr=\"0\"\/><\/div><\/div><div class=\"thumb-overlay\"><div class=\"thumb-bg\" style=\"background-color:rgba(0,0,0,0);background:rgba(0,0,0,0)\"><div class=\"thumb-title-wrap display-table-cell vertical-align-middle align-center fadeIn animated\"><div class=\"thumb-title\" style=\"color:#515151;\"><i class=\"portfolio-overlay-icon\"><\/i><\/div><\/div><\/div><\/div><\/a><\/div><\/div><\/div><\/div><\/div><\/div><\/div><div class = \"tatsu-column-bg-image-wrap\"><div class = \"tatsu-column-bg-image\" ><\/div><\/div><\/div><style>.tatsu-icceb55qyy4z1v14.tatsu-column > .tatsu-column-inner > .tatsu-column-pad-wrap > .tatsu-column-pad{padding: 0px 0px 0px 0px;}.tatsu-icceb55qyy4z1v14.tatsu-column > .tatsu-column-inner{border-width: 0 0 0 0;}.tatsu-icceb55qyy4z1v14.tatsu-column > .tatsu-column-inner > .tatsu-column-overlay{mix-blend-mode: none;}.tatsu-icceb55qyy4z1v14 > .tatsu-column-inner > .tatsu-top-divider{z-index: 9999;}.tatsu-icceb55qyy4z1v14 > .tatsu-column-inner > .tatsu-bottom-divider{z-index: 9999;}.tatsu-icceb55qyy4z1v14 > .tatsu-column-inner > .tatsu-left-divider{z-index: 9999;}.tatsu-icceb55qyy4z1v14 > .tatsu-column-inner > .tatsu-right-divider{z-index: 9999;}.tatsu-icceb55qyy4z1v14.tatsu-column{transform: translate3d(0px,0px, 0);}<\/style><\/div><\/div><\/div><\/div><div class=\"tatsu-section-background-wrap\"><div class = \"tatsu-section-background\" ><\/div><\/div><style>.tatsu-icceb55qk4cwo6vl .tatsu-section-pad{padding: 90px 0px 90px 0px;}.tatsu-icceb55qk4cwo6vl.tatsu-section{margin: 0px 0px 0px 0px;}.tatsu-icceb55qk4cwo6vl > .tatsu-bottom-divider{z-index: 9999;}.tatsu-icceb55qk4cwo6vl > .tatsu-top-divider{z-index: 9999;}<\/style><\/div><div  class=\"tatsu-icceb55whs29si01 tatsu-section    tatsu-clearfix\" data-title=\"\"  data-headerscheme=\"background--dark\"><div class='tatsu-section-pad clearfix' data-padding='0px 0px 0px 0px ' data-padding-top='0px'><div class=\"tatsu-row-wrap  tatsu-wrap tatsu-row-one-col tatsu-row-has-one-cols tatsu-medium-gutter tatsu-reg-cols  tatsu-clearfix tatsu-icceb55wuja7chnh\" ><div  class=\"tatsu-row \" ><div  class=\"tatsu-column  tatsu-column-no-bg tatsu-one-col tatsu-column-image- tatsu-column-effect-  tatsu-icceb55x1l6gni2y\" data-animation=\"fadeIn\"   data-parallax-speed=\"0\" style=\"\"><div class=\"tatsu-column-inner \" ><div class=\"tatsu-column-pad-wrap\"><div class=\"tatsu-column-pad\" ><div  class=\"tatsu-single-image tatsu-module align-center tatsu-icceb55xch3uhxf9  \" data-animation=\"fadeIn\"  ><div class=\"tatsu-single-image-inner \" style=\"width : 600px;\" ><div class = \"tatsu-single-image-padding-wrap\" style = \"padding-bottom : 12.833333333333%;\" ><\/div><img class = \"tatsu-gradient-border\" alt = \"\" title = \"barra_feder\" src = \"https:\/\/guarnicao.com\/wp-content\/uploads\/2014\/10\/barra_feder.png\" \/><\/div><style>.tatsu-icceb55xch3uhxf9{margin: 0px 0px 0px 0px;}.tatsu-icceb55xch3uhxf9 .tatsu-single-image-inner{border-style: solid;max-width: 100%;}<\/style><\/div><div  class=\"tatsu-module tatsu-normal-button tatsu-button-wrap align-block block-center  tatsu-icceb55y56az62e8   \"><a class=\"tatsu-shortcode smallbtn tatsu-button left-icon circular   bg-animation-none  \" href=\"https:\/\/guarnicao.com\/wp-content\/uploads\/2019\/12\/Ficha_Projeto_Guarnicao.pdf\" style= \"\" data-animation=\"fadeIn\"   aria-label=\"Ficha de projeto\" data-gdpr-atts={} target=\"_blank\">Ficha de projeto<\/a><style>.tatsu-icceb55y56az62e8 .tatsu-button{background-color: #e0a240;color: #ffffff ;}<\/style><\/div><\/div><\/div><div class = \"tatsu-column-bg-image-wrap\"><div class = \"tatsu-column-bg-image\" ><\/div><\/div><\/div><style>.tatsu-icceb55x1l6gni2y.tatsu-column > .tatsu-column-inner > .tatsu-column-pad-wrap > .tatsu-column-pad{padding: 0px 0px 0px 0px;}.tatsu-icceb55x1l6gni2y.tatsu-column > .tatsu-column-inner{border-width: 0 0 0 0;}.tatsu-icceb55x1l6gni2y.tatsu-column > .tatsu-column-inner > .tatsu-column-overlay{mix-blend-mode: none;}.tatsu-icceb55x1l6gni2y > .tatsu-column-inner > .tatsu-top-divider{z-index: 9999;}.tatsu-icceb55x1l6gni2y > .tatsu-column-inner > .tatsu-bottom-divider{z-index: 9999;}.tatsu-icceb55x1l6gni2y > .tatsu-column-inner > .tatsu-left-divider{z-index: 9999;}.tatsu-icceb55x1l6gni2y > .tatsu-column-inner > .tatsu-right-divider{z-index: 9999;}.tatsu-icceb55x1l6gni2y.tatsu-column{transform: translate3d(0px,0px, 0);}<\/style><\/div><\/div><\/div><\/div><div class=\"tatsu-section-background-wrap\"><div class = \"tatsu-section-background\" ><\/div><\/div><style>.tatsu-icceb55whs29si01 .tatsu-section-pad{padding: 0px 0px 0px 0px ;}.tatsu-icceb55whs29si01.tatsu-section{margin: 0px 0px 0px 0px;}.tatsu-icceb55whs29si01 > .tatsu-bottom-divider{z-index: 9999;}.tatsu-icceb55whs29si01 > .tatsu-top-divider{z-index: 9999;}<\/style><\/div>\n","protected":false},"excerpt":{"rendered":"<p><a href=\"https:\/\/guarnicao.com\/fr\/meubles\/skewed\/\" class=\"more-link style1-button\">Read More<\/a><\/p>","protected":false},"author":1,"featured_media":0,"parent":14112,"menu_order":0,"comment_status":"closed","ping_status":"closed","template":"","meta":{"footnotes":""},"class_list":["post-14108","page","type-page","status-publish","hentry"],"_links":{"self":[{"href":"https:\/\/guarnicao.com\/fr\/wp-json\/wp\/v2\/pages\/14108","targetHints":{"allow":["GET"]}}],"collection":[{"href":"https:\/\/guarnicao.com\/fr\/wp-json\/wp\/v2\/pages"}],"about":[{"href":"https:\/\/guarnicao.com\/fr\/wp-json\/wp\/v2\/types\/page"}],"author":[{"embeddable":true,"href":"https:\/\/guarnicao.com\/fr\/wp-json\/wp\/v2\/users\/1"}],"replies":[{"embeddable":true,"href":"https:\/\/guarnicao.com\/fr\/wp-json\/wp\/v2\/comments?post=14108"}],"version-history":[{"count":6,"href":"https:\/\/guarnicao.com\/fr\/wp-json\/wp\/v2\/pages\/14108\/revisions"}],"predecessor-version":[{"id":14481,"href":"https:\/\/guarnicao.com\/fr\/wp-json\/wp\/v2\/pages\/14108\/revisions\/14481"}],"up":[{"embeddable":true,"href":"https:\/\/guarnicao.com\/fr\/wp-json\/wp\/v2\/pages\/14112"}],"wp:attachment":[{"href":"https:\/\/guarnicao.com\/fr\/wp-json\/wp\/v2\/media?parent=14108"}],"curies":[{"name":"wp","href":"https:\/\/api.w.org\/{rel}","templated":true}]}}